{"id":133,"date":"2020-06-25T23:43:57","date_gmt":"2020-06-25T23:43:57","guid":{"rendered":"http:\/\/multiferia.com\/?page_id=133"},"modified":"2022-03-22T21:11:18","modified_gmt":"2022-03-22T21:11:18","slug":"eventos","status":"publish","type":"page","link":"https:\/\/multiferia.com\/?page_id=133","title":{"rendered":"Eventos"},"content":{"rendered":"\n<p class=\"has-medium-font-size\">Los eventos promocionales generan gran impacto en los clientes, logrando brindar mayor exposici\u00f3n y visibilidad de las marcas. <\/p>\n\n\n\n<p class=\"has-medium-font-size\">Perm\u00edtanos facilitarle las tareas de mercadeo, encarg\u00e1ndonos de la log\u00edstica de su evento promocional:<\/p>\n\n\n\n<ul class=\"wp-block-list\"><li>Transporte<\/li><li>Montaje y desmontaje<\/li><li>Equipos de audio y video<\/li><li>Animaci\u00f3n<\/li><li>Contrataci\u00f3n de modelos<\/li><\/ul>\n\n\n\n<figure class=\"wp-block-gallery has-nested-images columns-2 is-cropped wp-block-gallery-1 is-layout-flex wp-block-gallery-is-layout-flex\">\n<figure class=\"wp-block-image size-large\"><img loading=\"lazy\" decoding=\"async\" width=\"425\" height=\"238\" data-id=\"187\" src=\"https:\/\/multiferia.com\/wp-content\/uploads\/2020\/07\/Eventos-1.png\" alt=\"\" class=\"wp-image-187\" srcset=\"https:\/\/multiferia.com\/wp-content\/uploads\/2020\/07\/Eventos-1.png 425w, https:\/\/multiferia.com\/wp-content\/uploads\/2020\/07\/Eventos-1-300x168.png 300w\" sizes=\"auto, (max-width: 425px) 100vw, 425px\" \/><\/figure>\n\n\n\n<figure class=\"wp-block-image size-large\"><img loading=\"lazy\" decoding=\"async\" width=\"415\" height=\"235\" data-id=\"188\" src=\"https:\/\/multiferia.com\/wp-content\/uploads\/2020\/07\/Eventos-2.png\" alt=\"\" class=\"wp-image-188\" srcset=\"https:\/\/multiferia.com\/wp-content\/uploads\/2020\/07\/Eventos-2.png 415w, https:\/\/multiferia.com\/wp-content\/uploads\/2020\/07\/Eventos-2-300x170.png 300w\" sizes=\"auto, (max-width: 415px) 100vw, 415px\" \/><\/figure>\n\n\n\n<figure class=\"wp-block-image size-large\"><img loading=\"lazy\" decoding=\"async\" width=\"368\" height=\"246\" data-id=\"202\" src=\"https:\/\/multiferia.com\/wp-content\/uploads\/2020\/07\/Eventos-3.jpg\" alt=\"\" class=\"wp-image-202\" srcset=\"https:\/\/multiferia.com\/wp-content\/uploads\/2020\/07\/Eventos-3.jpg 368w, https:\/\/multiferia.com\/wp-content\/uploads\/2020\/07\/Eventos-3-300x201.jpg 300w, https:\/\/multiferia.com\/wp-content\/uploads\/2020\/07\/Eventos-3-285x190.jpg 285w\" sizes=\"auto, (max-width: 368px) 100vw, 368px\" \/><\/figure>\n\n\n\n<figure class=\"wp-block-image size-large\"><img loading=\"lazy\" decoding=\"async\" width=\"423\" height=\"235\" data-id=\"203\" src=\"https:\/\/multiferia.com\/wp-content\/uploads\/2020\/07\/Eventos-4.png\" alt=\"\" class=\"wp-image-203\" srcset=\"https:\/\/multiferia.com\/wp-content\/uploads\/2020\/07\/Eventos-4.png 423w, https:\/\/multiferia.com\/wp-content\/uploads\/2020\/07\/Eventos-4-300x167.png 300w\" sizes=\"auto, (max-width: 423px) 100vw, 423px\" \/><\/figure>\n<\/figure>\n","protected":false},"excerpt":{"rendered":"<p>Los eventos promocionales generan gran impacto en los clientes, logrando brindar mayor exposici\u00f3n y visibilidad de las marcas. Perm\u00edtanos facilitarle las tareas de mercadeo, encarg\u00e1ndonos de la log\u00edstica de su evento promocional: Transporte Montaje y desmontaje Equipos de audio y video Animaci\u00f3n Contrataci\u00f3n de modelos<\/p>\n","protected":false},"author":1,"featured_media":0,"parent":0,"menu_order":0,"comment_status":"closed","ping_status":"closed","template":"","meta":{"footnotes":""},"class_list":["post-133","page","type-page","status-publish","hentry"],"_links":{"self":[{"href":"https:\/\/multiferia.com\/index.php?rest_route=\/wp\/v2\/pages\/133","targetHints":{"allow":["GET"]}}],"collection":[{"href":"https:\/\/multiferia.com\/index.php?rest_route=\/wp\/v2\/pages"}],"about":[{"href":"https:\/\/multiferia.com\/index.php?rest_route=\/wp\/v2\/types\/page"}],"author":[{"embeddable":true,"href":"https:\/\/multiferia.com\/index.php?rest_route=\/wp\/v2\/users\/1"}],"replies":[{"embeddable":true,"href":"https:\/\/multiferia.com\/index.php?rest_route=%2Fwp%2Fv2%2Fcomments&post=133"}],"version-history":[{"count":9,"href":"https:\/\/multiferia.com\/index.php?rest_route=\/wp\/v2\/pages\/133\/revisions"}],"predecessor-version":[{"id":268,"href":"https:\/\/multiferia.com\/index.php?rest_route=\/wp\/v2\/pages\/133\/revisions\/268"}],"wp:attachment":[{"href":"https:\/\/multiferia.com\/index.php?rest_route=%2Fwp%2Fv2%2Fmedia&parent=133"}],"curies":[{"name":"wp","href":"https:\/\/api.w.org\/{rel}","templated":true}]}}